{"id":1899,"date":"2024-06-15T17:54:14","date_gmt":"2024-06-15T15:54:14","guid":{"rendered":"https:\/\/www.mybeardie.at\/?page_id=1899"},"modified":"2026-03-31T10:04:31","modified_gmt":"2026-03-31T08:04:31","slug":"besondere-auszeichnungen","status":"publish","type":"page","link":"https:\/\/www.mybeardie.at\/?page_id=1899","title":{"rendered":"Besondere Auszeichnungen\/Erfolge"},"content":{"rendered":"\n<figure class=\"wp-block-image alignwide size-full\"><img decoding=\"async\" loading=\"lazy\" width=\"835\" height=\"130\" src=\"https:\/\/www.mybeardie.at\/wp-content\/uploads\/2024\/06\/image-12.png\" alt=\"\" class=\"wp-image-1890\" srcset=\"https:\/\/www.mybeardie.at\/wp-content\/uploads\/2024\/06\/image-12.png 835w, https:\/\/www.mybeardie.at\/wp-content\/uploads\/2024\/06\/image-12-350x54.png 350w, https:\/\/www.mybeardie.at\/wp-content\/uploads\/2024\/06\/image-12-768x120.png 768w\" sizes=\"(max-width: 835px) 100vw, 835px\" \/><\/figure>\n\n\n\n<h2 class=\"wp-block-heading has-text-align-center has-medium-font-size\"><strong>Verleihung des \u00d6KV-G\u00fctesiegels &#8220;Vorbildliche Zuchtst\u00e4tte des \u00d6KV&#8221;<\/strong><br><strong>Da die Jahresgeb\u00fchr f\u00fcr diese Auszeichnung um 50 % erh\u00f6ht wurde habe ich von einem neuerlichen Antrag Abstand genommen !<\/strong><\/h2>\n\n\n\n<h2 class=\"wp-block-heading has-text-align-center has-large-font-size\"><strong>\u00d6CBH-Z\u00fcchtercup<\/strong><\/h2>\n\n\n\n<h2 class=\"wp-block-heading has-text-align-center has-medium-font-size\"><strong>Die Bowhills Zuchtst\u00e4tte konnte bereits <mark style=\"background-color:rgba(0, 0, 0, 0);color:#f60606\" class=\"has-inline-color\">5x<\/mark> den \u00d6CBH-Bewerb <\/strong><br><strong>&#8220;Erfolgreichster Z\u00fcchter Bearded Collies&#8221; f\u00fcr sich entscheiden<\/strong><br><strong><mark style=\"background-color:#ffffff;color:#f4041c\" class=\"has-inline-color\">2016, 2020\/21, 2023, 2024 und 2025 (2022  gab es keine Bewerbe wegen Corona)<\/mark><\/strong><br><strong><mark style=\"background-color:rgba(0, 0, 0, 0);color:#f6051d\" class=\"has-inline-color\">Ich bedanke mich ganz herzlich bei den Besitzern von Hunden aus meiner Zuchtst\u00e4tte f\u00fcr das Pr\u00e4sentieren ihrer Hunde. Ohne sie h\u00e4tte ich das nicht geschafft !<\/mark><\/strong><br><strong>F\u00fcr mich sehr bedeutend, da ich maximal einen Wurf pro Jahr habe (und das auch nicht jedes Jahr) und auch mit ganz wenigen Zuchth\u00fcndinnen auskomme !<br>F\u00fcr mich ist es sehr wichtig, dass meine H\u00fcndinnen ein artgerechtes Leben haben und dass mit ihnen auch gearbeitet wird, weil sie das sehr gerne machen<\/strong>.<\/h2>\n\n\n\n<figure class=\"wp-block-image size-large\"><img decoding=\"async\" loading=\"lazy\" width=\"1100\" height=\"889\" src=\"https:\/\/www.mybeardie.at\/wp-content\/uploads\/2026\/03\/310326-alle-zuchterpokale.jpg-beschriftet-1100x889.jpg\" alt=\"\" class=\"wp-image-3328\" srcset=\"https:\/\/www.mybeardie.at\/wp-content\/uploads\/2026\/03\/310326-alle-zuchterpokale.jpg-beschriftet-1100x889.jpg 1100w, https:\/\/www.mybeardie.at\/wp-content\/uploads\/2026\/03\/310326-alle-zuchterpokale.jpg-beschriftet-350x283.jpg 350w, https:\/\/www.mybeardie.at\/wp-content\/uploads\/2026\/03\/310326-alle-zuchterpokale.jpg-beschriftet-768x621.jpg 768w, https:\/\/www.mybeardie.at\/wp-content\/uploads\/2026\/03\/310326-alle-zuchterpokale.jpg-beschriftet.jpg 1125w\" sizes=\"(max-width: 1100px) 100vw, 1100px\" \/><\/figure>\n\n\n\n<h3 class=\"wp-block-heading has-text-align-center has-medium-font-size\"><strong>2025<\/strong><br><strong><sup><mark style=\"background-color:rgba(0, 0, 0, 0);color:#f60606\" class=\"has-inline-color\">Dieses Jahr gingen alle \u00d6CBH-Bewerbe an die Bowhills Zuchtst\u00e4tte<\/mark><\/sup><\/strong><br><strong><sup><sub>1. Platz bester Bearded Collie Z\u00fcchter<br>1. Platz bester Bearded Collie Reifeklassen <br>Bowhills Fun Factory aka Eleni (Sandra Gsenger)<br>2. Platz Bowhills Golden Boy Gizmo (Claudia Augustine)<br>1. Platz bester Bearded Collie Jugendklassen<br>Bowhills Highclass Diamond Hollywood<br>2. Platz Bowhills Highclass Diamond Hellboy<br>1. Platz bester Bearded Collie Veteranenklassen<br>Silesian Diamonds Naomi Blue Star<\/sub><\/sup><\/strong><\/h3>\n\n\n\n<figure class=\"wp-block-image size-large\"><img decoding=\"async\" loading=\"lazy\" width=\"1100\" height=\"837\" src=\"https:\/\/www.mybeardie.at\/wp-content\/uploads\/2026\/03\/zuchter-1a.jpg-klein-1100x837.jpg\" alt=\"\" class=\"wp-image-3317\" srcset=\"https:\/\/www.mybeardie.at\/wp-content\/uploads\/2026\/03\/zuchter-1a.jpg-klein-1100x837.jpg 1100w, https:\/\/www.mybeardie.at\/wp-content\/uploads\/2026\/03\/zuchter-1a.jpg-klein-350x266.jpg 350w, https:\/\/www.mybeardie.at\/wp-content\/uploads\/2026\/03\/zuchter-1a.jpg-klein-768x584.jpg 768w, https:\/\/www.mybeardie.at\/wp-content\/uploads\/2026\/03\/zuchter-1a.jpg-klein.jpg 1163w\" sizes=\"(max-width: 1100px) 100vw, 1100px\" \/><\/figure>\n\n\n\n<figure class=\"wp-block-image size-full\"><img decoding=\"async\" loading=\"lazy\" width=\"990\" height=\"870\" src=\"https:\/\/www.mybeardie.at\/wp-content\/uploads\/2026\/03\/eleni-1.jpg-klein.jpg\" alt=\"\" class=\"wp-image-3318\" srcset=\"https:\/\/www.mybeardie.at\/wp-content\/uploads\/2026\/03\/eleni-1.jpg-klein.jpg 990w, https:\/\/www.mybeardie.at\/wp-content\/uploads\/2026\/03\/eleni-1.jpg-klein-350x308.jpg 350w, https:\/\/www.mybeardie.at\/wp-content\/uploads\/2026\/03\/eleni-1.jpg-klein-768x675.jpg 768w\" sizes=\"(max-width: 990px) 100vw, 990px\" \/><\/figure>\n\n\n\n<figure class=\"wp-block-image size-full\"><img decoding=\"async\" loading=\"lazy\" width=\"922\" height=\"1074\" src=\"https:\/\/www.mybeardie.at\/wp-content\/uploads\/2026\/03\/holly-1b.jpg-klein.jpg\" alt=\"\" class=\"wp-image-3319\" srcset=\"https:\/\/www.mybeardie.at\/wp-content\/uploads\/2026\/03\/holly-1b.jpg-klein.jpg 922w, https:\/\/www.mybeardie.at\/wp-content\/uploads\/2026\/03\/holly-1b.jpg-klein-300x350.jpg 300w, https:\/\/www.mybeardie.at\/wp-content\/uploads\/2026\/03\/holly-1b.jpg-klein-768x895.jpg 768w\" sizes=\"(max-width: 922px) 100vw, 922px\" \/><\/figure>\n\n\n\n<figure class=\"wp-block-image size-full\"><img decoding=\"async\" loading=\"lazy\" width=\"922\" height=\"1021\" src=\"https:\/\/www.mybeardie.at\/wp-content\/uploads\/2026\/03\/naomi-1.jpg-klein.jpg\" alt=\"\" class=\"wp-image-3320\" srcset=\"https:\/\/www.mybeardie.at\/wp-content\/uploads\/2026\/03\/naomi-1.jpg-klein.jpg 922w, https:\/\/www.mybeardie.at\/wp-content\/uploads\/2026\/03\/naomi-1.jpg-klein-316x350.jpg 316w, https:\/\/www.mybeardie.at\/wp-content\/uploads\/2026\/03\/naomi-1.jpg-klein-768x850.jpg 768w\" sizes=\"(max-width: 922px) 100vw, 922px\" \/><\/figure>\n\n\n\n<figure class=\"wp-block-image size-full\"><img decoding=\"async\" loading=\"lazy\" width=\"959\" height=\"868\" src=\"https:\/\/www.mybeardie.at\/wp-content\/uploads\/2026\/03\/zuchter-5.jpg-klein.jpg\" alt=\"\" class=\"wp-image-3321\" srcset=\"https:\/\/www.mybeardie.at\/wp-content\/uploads\/2026\/03\/zuchter-5.jpg-klein.jpg 959w, https:\/\/www.mybeardie.at\/wp-content\/uploads\/2026\/03\/zuchter-5.jpg-klein-350x317.jpg 350w, https:\/\/www.mybeardie.at\/wp-content\/uploads\/2026\/03\/zuchter-5.jpg-klein-768x695.jpg 768w\" sizes=\"(max-width: 959px) 100vw, 959px\" \/><\/figure>\n\n\n\n<h2 class=\"wp-block-heading has-text-align-center has-large-font-size\"><strong>2024<\/strong><\/h2>\n\n\n\n<figure class=\"wp-block-image size-full\"><img decoding=\"async\" loading=\"lazy\" width=\"952\" height=\"946\" src=\"https:\/\/www.mybeardie.at\/wp-content\/uploads\/2025\/04\/488676328_688931150327391_2841900400177811589_n.jpg-KLEIN.jpg\" alt=\"\" class=\"wp-image-2689\" srcset=\"https:\/\/www.mybeardie.at\/wp-content\/uploads\/2025\/04\/488676328_688931150327391_2841900400177811589_n.jpg-KLEIN.jpg 952w, https:\/\/www.mybeardie.at\/wp-content\/uploads\/2025\/04\/488676328_688931150327391_2841900400177811589_n.jpg-KLEIN-350x348.jpg 350w, https:\/\/www.mybeardie.at\/wp-content\/uploads\/2025\/04\/488676328_688931150327391_2841900400177811589_n.jpg-KLEIN-200x200.jpg 200w, https:\/\/www.mybeardie.at\/wp-content\/uploads\/2025\/04\/488676328_688931150327391_2841900400177811589_n.jpg-KLEIN-768x763.jpg 768w\" sizes=\"(max-width: 952px) 100vw, 952px\" \/><\/figure>\n\n\n\n<h2 class=\"wp-block-heading has-text-align-center has-large-font-size\"><strong>2023<\/strong><\/h2>\n\n\n\n<figure class=\"wp-block-image aligncenter size-full\"><img decoding=\"async\" loading=\"lazy\" width=\"1060\" height=\"896\" src=\"https:\/\/www.mybeardie.at\/wp-content\/uploads\/2024\/06\/hp-2024.jpg-2.jpg\" alt=\"\" class=\"wp-image-1910\" srcset=\"https:\/\/www.mybeardie.at\/wp-content\/uploads\/2024\/06\/hp-2024.jpg-2.jpg 1060w, https:\/\/www.mybeardie.at\/wp-content\/uploads\/2024\/06\/hp-2024.jpg-2-350x296.jpg 350w, https:\/\/www.mybeardie.at\/wp-content\/uploads\/2024\/06\/hp-2024.jpg-2-768x649.jpg 768w\" sizes=\"(max-width: 1060px) 100vw, 1060px\" \/><\/figure>\n\n\n\n<h2 class=\"wp-block-heading has-text-align-center has-large-font-size\"><strong>2020\/21<\/strong><\/h2>\n\n\n\n<h2 class=\"wp-block-heading has-text-align-center has-medium-font-size\"><strong>Rechts der Pokal f\u00fcr die erfolgreichste Bearded Collie Zuchtst\u00e4tte<\/strong><br><strong>Mitte erfolgreichster Bearded Collie Adultklasse (Billy)<br>Links erfolgreichster Bearded Collie Jugendklasse (Finy)<\/strong><\/h2>\n\n\n\n<figure class=\"wp-block-image aligncenter size-full\"><img decoding=\"async\" loading=\"lazy\" width=\"575\" height=\"500\" src=\"https:\/\/www.mybeardie.at\/wp-content\/uploads\/2024\/06\/030422-zuechtercup-1a.jpg\" alt=\"\" class=\"wp-image-1911\" srcset=\"https:\/\/www.mybeardie.at\/wp-content\/uploads\/2024\/06\/030422-zuechtercup-1a.jpg 575w, https:\/\/www.mybeardie.at\/wp-content\/uploads\/2024\/06\/030422-zuechtercup-1a-350x304.jpg 350w\" sizes=\"(max-width: 575px) 100vw, 575px\" \/><\/figure>\n\n\n\n<h2 class=\"wp-block-heading has-text-align-center has-large-font-size\"><strong>2016<\/strong><\/h2>\n\n\n\n<figure class=\"wp-block-image aligncenter size-full\"><img decoding=\"async\" loading=\"lazy\" width=\"418\" height=\"540\" src=\"https:\/\/www.mybeardie.at\/wp-content\/uploads\/2024\/06\/230417besterbeardiezuechter2016.jpg\" alt=\"\" class=\"wp-image-1912\" srcset=\"https:\/\/www.mybeardie.at\/wp-content\/uploads\/2024\/06\/230417besterbeardiezuechter2016.jpg 418w, https:\/\/www.mybeardie.at\/wp-content\/uploads\/2024\/06\/230417besterbeardiezuechter2016-271x350.jpg 271w\" sizes=\"(max-width: 418px) 100vw, 418px\" \/><\/figure>\n\n\n\n<h2 class=\"wp-block-heading has-text-align-center has-large-font-size\"><strong>Bowhills Fun Factory Forever &#8220;Eleni&#8221;<\/strong><\/h2>\n\n\n\n<h2 class=\"wp-block-heading has-text-align-center has-medium-font-size\"><strong><mark style=\"background-color:rgba(0, 0, 0, 0);color:#f70505\" class=\"has-inline-color\">Eleni ist mit noch nicht einmal 2 Jahren bereits<br>\u00f6sterreichischer Champion<\/mark><\/strong><br><strong>Herzlichen Gl\u00fcckwunsch und ein gro\u00dfes Dankesch\u00f6n<br>f\u00fcr die tolle Pr\u00e4sentation und ihr liebevolless Zuhause<\/strong><\/h2>\n\n\n\n<figure class=\"wp-block-image aligncenter size-large\"><img decoding=\"async\" loading=\"lazy\" width=\"755\" height=\"1100\" src=\"https:\/\/www.mybeardie.at\/wp-content\/uploads\/2024\/07\/300724-OCH.jpg-klein-755x1100.jpg\" alt=\"\" class=\"wp-image-2037\" srcset=\"https:\/\/www.mybeardie.at\/wp-content\/uploads\/2024\/07\/300724-OCH.jpg-klein-755x1100.jpg 755w, https:\/\/www.mybeardie.at\/wp-content\/uploads\/2024\/07\/300724-OCH.jpg-klein-240x350.jpg 240w, https:\/\/www.mybeardie.at\/wp-content\/uploads\/2024\/07\/300724-OCH.jpg-klein-768x1118.jpg 768w, https:\/\/www.mybeardie.at\/wp-content\/uploads\/2024\/07\/300724-OCH.jpg-klein.jpg 868w\" sizes=\"(max-width: 755px) 100vw, 755px\" \/><\/figure>\n\n\n\n<h2 class=\"wp-block-heading has-text-align-center has-medium-font-size\"><strong>Eleni ist eine blaue Nachwuchsh\u00fcndin vom F-Wurf (Mama ist Naomi)<\/strong><br><strong><mark style=\"background-color:rgba(0, 0, 0, 0);color:#f4041c\" class=\"has-inline-color\">2023 \u00d6CBH-Cupsieger Bearded Collie Jugend<\/mark><br>Eleni ist in der Jugend- (aber auch heuer schon in der Zwischenklasse) sehr erfolgreich unterwegs. Sie bekam vielfach BOB und wurde auch mehrmals <\/strong><br><strong>im Ehrenring ausgezeichnet<br>Eleni lebt mit ihrer Familie im s\u00fcdlichen Nieder\u00f6sterreich und ich glaube, dass sie noch weiterhin sehr erfolgreich den Showring rocken wird<\/strong><br><strong>Auf dem Foto Eleni&#8217;s erster Start in der Zwischenklasse auf dem Weg zum <br>ersten CACIB und Best of Breed<\/strong><\/h2>\n\n\n\n<figure class=\"wp-block-image aligncenter size-full\"><img decoding=\"async\" loading=\"lazy\" width=\"1000\" height=\"1000\" src=\"https:\/\/www.mybeardie.at\/wp-content\/uploads\/2024\/06\/eleni-1.jpg\" alt=\"\" class=\"wp-image-1913\" srcset=\"https:\/\/www.mybeardie.at\/wp-content\/uploads\/2024\/06\/eleni-1.jpg 1000w, https:\/\/www.mybeardie.at\/wp-content\/uploads\/2024\/06\/eleni-1-350x350.jpg 350w, https:\/\/www.mybeardie.at\/wp-content\/uploads\/2024\/06\/eleni-1-200x200.jpg 200w, https:\/\/www.mybeardie.at\/wp-content\/uploads\/2024\/06\/eleni-1-768x768.jpg 768w\" sizes=\"(max-width: 1000px) 100vw, 1000px\" \/><\/figure>\n\n\n\n<figure class=\"wp-block-image aligncenter size-full\"><img decoding=\"async\" loading=\"lazy\" width=\"338\" height=\"800\" src=\"https:\/\/www.mybeardie.at\/wp-content\/uploads\/2024\/06\/2024-bester-beardie-jugend-1-1.jpg-klein-1.jpg\" alt=\"\" class=\"wp-image-1915\" srcset=\"https:\/\/www.mybeardie.at\/wp-content\/uploads\/2024\/06\/2024-bester-beardie-jugend-1-1.jpg-klein-1.jpg 338w, https:\/\/www.mybeardie.at\/wp-content\/uploads\/2024\/06\/2024-bester-beardie-jugend-1-1.jpg-klein-1-148x350.jpg 148w\" sizes=\"(max-width: 338px) 100vw, 338px\" \/><\/figure>\n\n\n\n<h2 class=\"wp-block-heading has-text-align-center has-large-font-size\"><strong>Bonny and Clyde&#8217;s Infinite Love of Bowhills &#8220;Finy&#8221;<\/strong><\/h2>\n\n\n\n<h2 class=\"wp-block-heading has-text-align-center has-medium-font-size\"><strong>Finy ist mein J\u00fcngster Zuwachs und auch sie war bereits sehr erfolgreich<br><mark style=\"background-color:rgba(0, 0, 0, 0);color:#f4041c\" class=\"has-inline-color\">2020\/21 \u00d6CBH-Cupsieger Bearded Collie Jugend<br>2022  \u00d6KV-Ausstellungssieger Bearded Collie<\/mark><br>Finy hat vielfach BOB und BOS bekommen und bekam auch viele Platzierungen und erste Pl\u00e4tze im Ehrenring<br>Finy hat die IBH-VT und IBGH 1 erfolgreich abgelegt (weitere Pr\u00fcfungen sind in Vorbereitung)<br>Sie ist die Mutter von meinem G-Wurf mit 10 Welpen !<\/strong><br><strong>Auch Finy ist sehr temperamentvoll aber \u00fcberaus liebenswert und auch sie ist f\u00fcr jeden Spa\u00df zu haben und immer fr\u00f6hlich<\/strong><\/h2>\n\n\n\n<figure class=\"wp-block-image aligncenter size-full\"><img decoding=\"async\" loading=\"lazy\" width=\"1100\" height=\"918\" src=\"https:\/\/www.mybeardie.at\/wp-content\/uploads\/2024\/06\/338299706_940692997351059_438161611695049880_n.jpg\" alt=\"\" class=\"wp-image-1909\" srcset=\"https:\/\/www.mybeardie.at\/wp-content\/uploads\/2024\/06\/338299706_940692997351059_438161611695049880_n.jpg 1100w, https:\/\/www.mybeardie.at\/wp-content\/uploads\/2024\/06\/338299706_940692997351059_438161611695049880_n-350x292.jpg 350w, https:\/\/www.mybeardie.at\/wp-content\/uploads\/2024\/06\/338299706_940692997351059_438161611695049880_n-768x641.jpg 768w\" sizes=\"(max-width: 1100px) 100vw, 1100px\" \/><\/figure>\n\n\n\n<h2 class=\"wp-block-heading has-text-align-center has-large-font-size\"><strong>Bowhills Diamonds Dolcevita Inblack &#8220;Billy&#8221;<\/strong><\/h2>\n\n\n\n<h2 class=\"wp-block-heading has-text-align-center has-medium-font-size\"><strong>Billy ist ein Sohn von Nike &amp; Harris und lebt in Bayern<br>Er wurde einige Male ausgestellt und wurde auch \u00f6sterr. Champion<br>Er wurde aber auch \u00d6CBH-Cupsieger<br><mark style=\"background-color:rgba(0, 0, 0, 0);color:#f4041c\" class=\"has-inline-color\">2020\/21 \u00d6CBH Cupsieger Bearded Collie Adult<\/mark><br>Er ist ein \u00e4u\u00dferst liebenswerter Beardier\u00fcde mit allen besten<br>Gesundheitswerten, die ein Zuchtr\u00fcde nur haben kann.<br>Er lebt mit seinem Kumpel Morris (ein Bruder von meiner Finy) und seinem Herrchen in Bayern, nahe der \u00f6sterr. Grenze<\/strong><\/h2>\n\n\n\n<figure class=\"wp-block-image aligncenter size-full\"><img decoding=\"async\" loading=\"lazy\" width=\"590\" height=\"400\" src=\"https:\/\/www.mybeardie.at\/wp-content\/uploads\/2024\/06\/241021-billy-1.jpg-iha-salzburg.jpg\" alt=\"\" class=\"wp-image-1908\" srcset=\"https:\/\/www.mybeardie.at\/wp-content\/uploads\/2024\/06\/241021-billy-1.jpg-iha-salzburg.jpg 590w, https:\/\/www.mybeardie.at\/wp-content\/uploads\/2024\/06\/241021-billy-1.jpg-iha-salzburg-350x237.jpg 350w\" sizes=\"(max-width: 590px) 100vw, 590px\" \/><\/figure>\n\n\n\n<figure class=\"wp-block-image aligncenter size-full\"><img decoding=\"async\" loading=\"lazy\" width=\"366\" height=\"526\" src=\"https:\/\/www.mybeardie.at\/wp-content\/uploads\/2024\/06\/030422-oecbh-cupbewerbe-billy.jpg\" alt=\"\" class=\"wp-image-1907\" srcset=\"https:\/\/www.mybeardie.at\/wp-content\/uploads\/2024\/06\/030422-oecbh-cupbewerbe-billy.jpg 366w, https:\/\/www.mybeardie.at\/wp-content\/uploads\/2024\/06\/030422-oecbh-cupbewerbe-billy-244x350.jpg 244w\" sizes=\"(max-width: 366px) 100vw, 366px\" \/><\/figure>\n\n\n\n<h2 class=\"wp-block-heading has-text-align-center has-large-font-size\"><strong>Silesian Diamonds Naomi Blue Star<\/strong><\/h2>\n\n\n\n<h2 class=\"wp-block-heading has-text-align-center has-medium-font-size\"><strong>Naomi stammt aus polnischer Zucht und ist eine temperamentvolle, \u00fcberaus liebenswerte und freundliche blaue H\u00fcndin<\/strong><br><strong><mark style=\"background-color:rgba(0, 0, 0, 0);color:#f4041c\" class=\"has-inline-color\">2018 und 2019 \u00d6KV-Ausstellungssieger Bearded Collie<br>2018 \u00d6CBH-Cupsieger Bearded Collie Jugend<br>2019 \u00d6CBH-Cupsieger Bearded Collie Adult<\/mark><\/strong><br><strong>Naomi hat vielfach BOB und BOS bekommen<br>Naomi hat Pr\u00fcfungen in IBGH 1 bis 3 erfolgreich abgelegt<br>Sie ist die Mutter von meinen E- und F-W\u00fcrfen (bisher)<\/strong><\/h2>\n\n\n\n<figure class=\"wp-block-image size-full\"><img decoding=\"async\" loading=\"lazy\" width=\"819\" height=\"780\" src=\"https:\/\/www.mybeardie.at\/wp-content\/uploads\/2024\/06\/040819cssneunkirchenbisnaomi-1.jpg\" alt=\"\" class=\"wp-image-1906\" srcset=\"https:\/\/www.mybeardie.at\/wp-content\/uploads\/2024\/06\/040819cssneunkirchenbisnaomi-1.jpg 819w, https:\/\/www.mybeardie.at\/wp-content\/uploads\/2024\/06\/040819cssneunkirchenbisnaomi-1-350x333.jpg 350w, https:\/\/www.mybeardie.at\/wp-content\/uploads\/2024\/06\/040819cssneunkirchenbisnaomi-1-768x731.jpg 768w\" sizes=\"(max-width: 819px) 100vw, 819px\" \/><\/figure>\n\n\n\n<h2 class=\"wp-block-heading has-text-align-center has-large-font-size\"><strong>Escada of Breezy Beardies &#8220;Nike&#8221;<\/strong><\/h2>\n\n\n\n<h2 class=\"wp-block-heading has-text-align-center has-medium-font-size\"><strong>Auch Nike ist eine verl\u00e4\u00dfliche, traumhafte, liebenswerte H\u00fcndin<br><\/strong><mark style=\"background-color:rgba(0, 0, 0, 0);color:#f4041c\" class=\"has-inline-color\"><strong>2019 \u00d6CBH-Cupsieger Bearded Collie Veteranen<br>2013 \u00d6CBH-Cupsieger Bearded Collie Adult<br>2012 \u00d6CBH-Cupsieger Bearded Collie Jugend<br>2013 \u00d6KV-Ausstellungssieger Bearded Collie<br>3x bester Bearded Collie aus \u00f6sterr. Zucht<\/strong><br><\/mark><strong>Auch Nike hat viele Pr\u00fcfungen und Turniere in BGH, Obedience, Breitensport und Agility erfolgreich bestanden<\/strong><br><strong>Sie ist auch die Mutter von meinen B-, C- und D-W\u00fcrfen<\/strong><\/h2>\n\n\n\n<div class=\"wp-block-columns is-layout-flex wp-container-3 wp-block-columns-is-layout-flex\">\n<div class=\"wp-block-column is-layout-flow wp-block-column-is-layout-flow\">\n<figure class=\"wp-block-image size-full\"><img decoding=\"async\" loading=\"lazy\" width=\"800\" height=\"700\" src=\"https:\/\/www.mybeardie.at\/wp-content\/uploads\/2024\/06\/040819cssneunkirchennikebesterbeardie.jpg\" alt=\"\" class=\"wp-image-1904\" srcset=\"https:\/\/www.mybeardie.at\/wp-content\/uploads\/2024\/06\/040819cssneunkirchennikebesterbeardie.jpg 800w, https:\/\/www.mybeardie.at\/wp-content\/uploads\/2024\/06\/040819cssneunkirchennikebesterbeardie-350x306.jpg 350w, https:\/\/www.mybeardie.at\/wp-content\/uploads\/2024\/06\/040819cssneunkirchennikebesterbeardie-768x672.jpg 768w\" sizes=\"(max-width: 800px) 100vw, 800px\" \/><\/figure>\n<\/div>\n\n\n\n<div class=\"wp-block-column is-layout-flow wp-block-column-is-layout-flow\">\n<figure class=\"wp-block-image size-full\"><img decoding=\"async\" loading=\"lazy\" width=\"819\" height=\"780\" src=\"https:\/\/www.mybeardie.at\/wp-content\/uploads\/2024\/06\/040819cssneunkirchenbisnaomi.jpg\" alt=\"\" class=\"wp-image-1905\" srcset=\"https:\/\/www.mybeardie.at\/wp-content\/uploads\/2024\/06\/040819cssneunkirchenbisnaomi.jpg 819w, https:\/\/www.mybeardie.at\/wp-content\/uploads\/2024\/06\/040819cssneunkirchenbisnaomi-350x333.jpg 350w, https:\/\/www.mybeardie.at\/wp-content\/uploads\/2024\/06\/040819cssneunkirchenbisnaomi-768x731.jpg 768w\" sizes=\"(max-width: 819px) 100vw, 819px\" \/><\/figure>\n<\/div>\n<\/div>\n\n\n\n<h2 class=\"wp-block-heading has-text-align-center has-large-font-size\"><strong>Sammy Lee Black von der Augustinerh\u00f6he<\/strong><\/h2>\n\n\n\n<h2 class=\"wp-block-heading has-text-align-center has-medium-font-size\"><strong>Sammy Lee war ein absoluter Traum von einem Bearded Collie R\u00fcden<br><\/strong><mark style=\"background-color:rgba(0, 0, 0, 0);color:#f4041c\" class=\"has-inline-color\"><strong>2007 \u00d6KV Superchampion und \u00d6sterreichsieger<br>2013 \u00d6CBH Cupsieger Bearded Collie Veteranen<br>2006 und 2007 \u00d6CBH-Cupsieger Bearded Collie Adult <br>2005 \u00d6CBH-Cupsieger Bearded Collie Jugend<\/strong><br><strong>3x bester Bearded Collie aus \u00f6sterr. Zucht<\/strong><br><strong>2006 + 2007 \u00d6KV-Ausstellungssieger Bearded Collie<br>2009 Vize-Staatsmeister im Breitensport und \u00d6sterreichsieger<\/strong><\/mark><strong><br>4x in Folge steirischer Landesmeister im Breitensport<br>Vielfacher Turnier- und Cupsieger im Breitensport<br>Au\u00dferdem war er Vater von insgesamt 12 W\u00fcrfen<\/strong><\/h2>\n\n\n\n<figure class=\"wp-block-image size-full\"><img decoding=\"async\" loading=\"lazy\" width=\"680\" height=\"680\" src=\"https:\/\/www.mybeardie.at\/wp-content\/uploads\/2024\/06\/030719sammy5.jpg\" alt=\"\" class=\"wp-image-1921\" srcset=\"https:\/\/www.mybeardie.at\/wp-content\/uploads\/2024\/06\/030719sammy5.jpg 680w, https:\/\/www.mybeardie.at\/wp-content\/uploads\/2024\/06\/030719sammy5-350x350.jpg 350w, https:\/\/www.mybeardie.at\/wp-content\/uploads\/2024\/06\/030719sammy5-200x200.jpg 200w\" sizes=\"(max-width: 680px) 100vw, 680px\" \/><\/figure>\n\n\n\n<div class=\"wp-block-columns is-layout-flex wp-container-6 wp-block-columns-is-layout-flex\">\n<div class=\"wp-block-column is-layout-flow wp-block-column-is-layout-flow\">\n<figure class=\"wp-block-image size-large\"><img decoding=\"async\" loading=\"lazy\" width=\"901\" height=\"1100\" src=\"https:\/\/www.mybeardie.at\/wp-content\/uploads\/2024\/06\/446068729_1608041526656727_450634082347164025_n-901x1100.jpg\" alt=\"\" class=\"wp-image-1902\" srcset=\"https:\/\/www.mybeardie.at\/wp-content\/uploads\/2024\/06\/446068729_1608041526656727_450634082347164025_n-901x1100.jpg 901w, https:\/\/www.mybeardie.at\/wp-content\/uploads\/2024\/06\/446068729_1608041526656727_450634082347164025_n-287x350.jpg 287w, https:\/\/www.mybeardie.at\/wp-content\/uploads\/2024\/06\/446068729_1608041526656727_450634082347164025_n-768x937.jpg 768w, https:\/\/www.mybeardie.at\/wp-content\/uploads\/2024\/06\/446068729_1608041526656727_450634082347164025_n.jpg 958w\" sizes=\"(max-width: 901px) 100vw, 901px\" \/><\/figure>\n<\/div>\n\n\n\n<div class=\"wp-block-column is-layout-flow wp-block-column-is-layout-flow\">\n<figure class=\"wp-block-image size-large is-resized\"><img decoding=\"async\" loading=\"lazy\" width=\"901\" height=\"1100\" src=\"https:\/\/www.mybeardie.at\/wp-content\/uploads\/2024\/06\/448204265_773120254974157_828597653130246822_n-901x1100.jpg\" alt=\"\" class=\"wp-image-1903\" style=\"aspect-ratio:0.8190909090909091;width:314px;height:auto\" srcset=\"https:\/\/www.mybeardie.at\/wp-content\/uploads\/2024\/06\/448204265_773120254974157_828597653130246822_n-901x1100.jpg 901w, https:\/\/www.mybeardie.at\/wp-content\/uploads\/2024\/06\/448204265_773120254974157_828597653130246822_n-287x350.jpg 287w, https:\/\/www.mybeardie.at\/wp-content\/uploads\/2024\/06\/448204265_773120254974157_828597653130246822_n-768x937.jpg 768w, https:\/\/www.mybeardie.at\/wp-content\/uploads\/2024\/06\/448204265_773120254974157_828597653130246822_n.jpg 958w\" sizes=\"(max-width: 901px) 100vw, 901px\" \/><\/figure>\n<\/div>\n<\/div>\n\n\n\n<h2 class=\"wp-block-heading has-small-font-size\"><a href=\"https:\/\/www.mybeardie.at\/\" data-type=\"link\" data-id=\"https:\/\/www.mybeardie.at\/\"><strong>Zur\u00fcck zur Startseite<\/strong><\/a><\/h2>\n","protected":false},"excerpt":{"rendered":"<p>Verleihung des \u00d6KV-G\u00fctesiegels &#8220;Vorbildliche Zuchtst\u00e4tte des \u00d6KV&#8221;Da die Jahresgeb\u00fchr f\u00fcr diese Auszeichnung um 50 % erh\u00f6ht wurde habe ich von einem neuerlichen Antrag Abstand genommen ! \u00d6CBH-Z\u00fcchtercup Die Bowhills Zuchtst\u00e4tte konnte bereits 5x den \u00d6CBH-Bewerb &#8220;Erfolgreichster Z\u00fcchter Bearded Collies&#8221; f\u00fcr sich entscheiden2016, 2020\/21, 2023, 2024 und 2025 (2022 gab es keine Bewerbe wegen Corona)Ich bedanke [&hellip;]<\/p>\n","protected":false},"author":1,"featured_media":0,"parent":0,"menu_order":0,"comment_status":"closed","ping_status":"closed","template":"","meta":{"footnotes":""},"_links":{"self":[{"href":"https:\/\/www.mybeardie.at\/index.php?rest_route=\/wp\/v2\/pages\/1899"}],"collection":[{"href":"https:\/\/www.mybeardie.at\/index.php?rest_route=\/wp\/v2\/pages"}],"about":[{"href":"https:\/\/www.mybeardie.at\/index.php?rest_route=\/wp\/v2\/types\/page"}],"author":[{"embeddable":true,"href":"https:\/\/www.mybeardie.at\/index.php?rest_route=\/wp\/v2\/users\/1"}],"replies":[{"embeddable":true,"href":"https:\/\/www.mybeardie.at\/index.php?rest_route=%2Fwp%2Fv2%2Fcomments&post=1899"}],"version-history":[{"count":19,"href":"https:\/\/www.mybeardie.at\/index.php?rest_route=\/wp\/v2\/pages\/1899\/revisions"}],"predecessor-version":[{"id":3330,"href":"https:\/\/www.mybeardie.at\/index.php?rest_route=\/wp\/v2\/pages\/1899\/revisions\/3330"}],"wp:attachment":[{"href":"https:\/\/www.mybeardie.at\/index.php?rest_route=%2Fwp%2Fv2%2Fmedia&parent=1899"}],"curies":[{"name":"wp","href":"https:\/\/api.w.org\/{rel}","templated":true}]}}