{"id":2,"date":"2022-07-09T12:44:02","date_gmt":"2022-07-09T10:44:02","guid":{"rendered":""},"modified":"2026-02-23T19:09:33","modified_gmt":"2026-02-23T18:09:33","slug":"beispiel-seite","status":"publish","type":"page","link":"https:\/\/www.mybeardie.at\/?page_id=2","title":{"rendered":"W\u00fcrfe"},"content":{"rendered":"\n<figure class=\"wp-block-image alignwide size-full is-resized\"><img decoding=\"async\" loading=\"lazy\" width=\"835\" height=\"130\" src=\"https:\/\/www.mybeardie.at\/wp-content\/uploads\/2022\/08\/070822-logo-neu-1.jpg\" alt=\"\" class=\"wp-image-131\" srcset=\"https:\/\/www.mybeardie.at\/wp-content\/uploads\/2022\/08\/070822-logo-neu-1.jpg 835w, https:\/\/www.mybeardie.at\/wp-content\/uploads\/2022\/08\/070822-logo-neu-1-300x47.jpg 300w, https:\/\/www.mybeardie.at\/wp-content\/uploads\/2022\/08\/070822-logo-neu-1-768x120.jpg 768w\" sizes=\"(max-width: 835px) 100vw, 835px\" \/><\/figure>\n\n\n\n<h4 class=\"wp-block-heading has-text-align-center has-large-font-size\"><strong><mark style=\"background-color:rgba(0, 0, 0, 0);color:#f20820\" class=\"has-inline-color\">W\u00fcrfe\/Wurfplanung<\/mark> <\/strong><br><strong><mark style=\"background-color:rgba(0, 0, 0, 0);color:#f60606\" class=\"has-inline-color\">\u00d6KV G\u00fctesiegel &#8211; Vorbildliche Zuchtst\u00e4tte \u00d6KV<\/mark><\/strong><\/h4>\n\n\n\n<h3 class=\"wp-block-heading has-text-align-center has-medium-font-size\"><strong>J-Wurf voraussichtlich im Fr\u00fchjahr\/Fr\u00fchsommer 2027<\/strong><\/h3>\n\n\n\n<h2 class=\"wp-block-heading has-text-align-center has-foreground-color has-text-color has-medium-font-size\"><a href=\"http:\/\/mybeardie.at\/?page_id=2506\" data-type=\"link\" data-id=\"mybeardie.at\/?page_id=2506\"><mark style=\"background-color:rgba(0, 0, 0, 0);color:#f60606\" class=\"has-inline-color\"><strong>I-Wurf  geboren am 23. Dezember 2025<\/strong><\/mark><\/a><br><strong><a href=\"https:\/\/www.mybeardie.at\/?page_id=2506\" data-type=\"link\" data-id=\"https:\/\/www.mybeardie.at\/?page_id=2506\">V: Multi-CH. Societas Barbatum Balthazar<br>M: Multi-CH. Bonny and Clyde&#8217;s Infinite Love of Bowhills aka Finy<br>2 R\u00fcden schwarz-wei\u00df<\/a><\/strong><\/h2>\n\n\n\n<figure class=\"wp-block-image size-large\"><img decoding=\"async\" loading=\"lazy\" width=\"1100\" height=\"882\" src=\"https:\/\/www.mybeardie.at\/wp-content\/uploads\/2026\/02\/2302-test-3b-1100x882.jpg\" alt=\"\" class=\"wp-image-3278\" srcset=\"https:\/\/www.mybeardie.at\/wp-content\/uploads\/2026\/02\/2302-test-3b-1100x882.jpg 1100w, https:\/\/www.mybeardie.at\/wp-content\/uploads\/2026\/02\/2302-test-3b-350x281.jpg 350w, https:\/\/www.mybeardie.at\/wp-content\/uploads\/2026\/02\/2302-test-3b-768x616.jpg 768w, https:\/\/www.mybeardie.at\/wp-content\/uploads\/2026\/02\/2302-test-3b.jpg 1170w\" sizes=\"(max-width: 1100px) 100vw, 1100px\" \/><\/figure>\n\n\n\n<figure class=\"wp-block-image size-large\"><img decoding=\"async\" loading=\"lazy\" width=\"1100\" height=\"825\" src=\"https:\/\/www.mybeardie.at\/wp-content\/uploads\/2025\/12\/532adf83-5c65-47f2-9f96-d3099c561fcd-1100x825.jpg\" alt=\"\" class=\"wp-image-3120\" srcset=\"https:\/\/www.mybeardie.at\/wp-content\/uploads\/2025\/12\/532adf83-5c65-47f2-9f96-d3099c561fcd-1100x825.jpg 1100w, https:\/\/www.mybeardie.at\/wp-content\/uploads\/2025\/12\/532adf83-5c65-47f2-9f96-d3099c561fcd-350x263.jpg 350w, https:\/\/www.mybeardie.at\/wp-content\/uploads\/2025\/12\/532adf83-5c65-47f2-9f96-d3099c561fcd-768x576.jpg 768w, https:\/\/www.mybeardie.at\/wp-content\/uploads\/2025\/12\/532adf83-5c65-47f2-9f96-d3099c561fcd.jpg 1106w\" sizes=\"(max-width: 1100px) 100vw, 1100px\" \/><\/figure>\n\n\n\n<h2 class=\"wp-block-heading has-text-align-center has-medium-font-size\"><a href=\"https:\/\/www.mybeardie.at\/?page_id=2061\" data-type=\"link\" data-id=\"https:\/\/www.mybeardie.at\/?page_id=2061\"><strong><mark style=\"background-color:rgba(0, 0, 0, 0);color:#f60202\" class=\"has-inline-color\">H-Wurf geb. am 08. September 2024<\/mark><\/strong><\/a><br><strong><a href=\"https:\/\/www.mybeardie.at\/?page_id=2061\" data-type=\"link\" data-id=\"https:\/\/www.mybeardie.at\/?page_id=2061\">V: Multi-CH. Baldlow Jubilee Diamond aka Denis<\/a><br><a href=\"https:\/\/www.mybeardie.at\/?page_id=2061\" data-type=\"link\" data-id=\"https:\/\/www.mybeardie.at\/?page_id=2061\">M: Silesian Diamonds Naomi Blue Stars<\/a><br><a href=\"https:\/\/www.mybeardie.at\/?page_id=2061\" data-type=\"link\" data-id=\"https:\/\/www.mybeardie.at\/?page_id=2061\">3 R\u00fcden 2 H\u00fcndinnen, alle schwarz-wei\u00df<\/a><\/strong><\/h2>\n\n\n\n<figure class=\"wp-block-image size-full\"><img decoding=\"async\" loading=\"lazy\" width=\"1006\" height=\"846\" src=\"https:\/\/www.mybeardie.at\/wp-content\/uploads\/2025\/09\/080925-ein-jahr.png\" alt=\"\" class=\"wp-image-2964\" srcset=\"https:\/\/www.mybeardie.at\/wp-content\/uploads\/2025\/09\/080925-ein-jahr.png 1006w, https:\/\/www.mybeardie.at\/wp-content\/uploads\/2025\/09\/080925-ein-jahr-350x294.png 350w, https:\/\/www.mybeardie.at\/wp-content\/uploads\/2025\/09\/080925-ein-jahr-768x646.png 768w\" sizes=\"(max-width: 1006px) 100vw, 1006px\" \/><\/figure>\n\n\n\n<figure class=\"wp-block-image size-full\"><img decoding=\"async\" loading=\"lazy\" width=\"958\" height=\"833\" src=\"https:\/\/www.mybeardie.at\/wp-content\/uploads\/2024\/09\/0909-alle-2.jpg-klein-HP.jpg\" alt=\"\" class=\"wp-image-2163\" srcset=\"https:\/\/www.mybeardie.at\/wp-content\/uploads\/2024\/09\/0909-alle-2.jpg-klein-HP.jpg 958w, https:\/\/www.mybeardie.at\/wp-content\/uploads\/2024\/09\/0909-alle-2.jpg-klein-HP-350x304.jpg 350w, https:\/\/www.mybeardie.at\/wp-content\/uploads\/2024\/09\/0909-alle-2.jpg-klein-HP-768x668.jpg 768w\" sizes=\"(max-width: 958px) 100vw, 958px\" \/><\/figure>\n\n\n\n<h2 class=\"wp-block-heading has-text-align-center has-medium-font-size\"><a href=\"http:\/\/mybeardie.at\/?page_id=1041\" data-type=\"link\" data-id=\"mybeardie.at\/?page_id=1041\"><strong><mark style=\"background-color:rgba(0, 0, 0, 0);color:#f60505\" class=\"has-inline-color\">G-Wurf geb. am 17. Juli 2023<\/mark><\/strong><\/a><a href=\"http:\/\/mybeardie.at\/?page_id=1041\" data-type=\"link\" data-id=\"mybeardie.at\/?page_id=1041\"><br><strong>V: Multi-CH. Silesian Diamonds Moris Prime aka Harris<br>M: Multi-CH. Bonny and Clyde&#8217;s Infinite Love of Bowhills aka Finy<br>5 R\u00fcden, 5 H\u00fcndinnen, alle schwarz-wei\u00df<\/strong><\/a><\/h2>\n\n\n\n<figure class=\"wp-block-image size-full\"><img decoding=\"async\" loading=\"lazy\" width=\"1008\" height=\"816\" src=\"https:\/\/www.mybeardie.at\/wp-content\/uploads\/2025\/09\/170725-zwei-Jahre.jpg\" alt=\"\" class=\"wp-image-2958\" srcset=\"https:\/\/www.mybeardie.at\/wp-content\/uploads\/2025\/09\/170725-zwei-Jahre.jpg 1008w, https:\/\/www.mybeardie.at\/wp-content\/uploads\/2025\/09\/170725-zwei-Jahre-350x283.jpg 350w, https:\/\/www.mybeardie.at\/wp-content\/uploads\/2025\/09\/170725-zwei-Jahre-768x622.jpg 768w\" sizes=\"(max-width: 1008px) 100vw, 1008px\" \/><\/figure>\n\n\n\n<div class=\"wp-block-columns is-layout-flex wp-container-2 wp-block-columns-is-layout-flex\">\n<div class=\"wp-block-column is-layout-flow wp-block-column-is-layout-flow\">\n<figure class=\"wp-block-image aligncenter size-large\"><img decoding=\"async\" loading=\"lazy\" width=\"1024\" height=\"478\" src=\"https:\/\/www.mybeardie.at\/wp-content\/uploads\/2023\/08\/170723-GEBURT-HP-1024x478.jpg\" alt=\"\" class=\"wp-image-1269\" srcset=\"https:\/\/www.mybeardie.at\/wp-content\/uploads\/2023\/08\/170723-GEBURT-HP-1024x478.jpg 1024w, https:\/\/www.mybeardie.at\/wp-content\/uploads\/2023\/08\/170723-GEBURT-HP-300x140.jpg 300w, https:\/\/www.mybeardie.at\/wp-content\/uploads\/2023\/08\/170723-GEBURT-HP-768x358.jpg 768w, https:\/\/www.mybeardie.at\/wp-content\/uploads\/2023\/08\/170723-GEBURT-HP.jpg 1500w\" sizes=\"(max-width: 1024px) 100vw, 1024px\" \/><\/figure>\n<\/div>\n<\/div>\n\n\n\n<h2 class=\"wp-block-heading has-text-align-center has-vivid-red-color has-text-color has-medium-font-size\" style=\"font-style:italic;font-weight:500\"><a href=\"https:\/\/www.mybeardie.at\/?page_id=193\" data-type=\"URL\" data-id=\"https:\/\/www.mybeardie.at\/?page_id=193\"><strong><mark style=\"background-color:rgba(0, 0, 0, 0);color:#f40505\" class=\"has-inline-color\">F-Wurf geb. am 13.09.2022<\/mark><br>V: CH. Darcy Black Wilwarin<br>M: Multi-CH. Silesian Diamonds Naomi Blue Star<\/strong><br><strong>1 R\u00fcde blau wei\u00df, 6 H\u00fcndinnen 2xschwarz-wei\u00df, 4xblau-wei\u00df<\/strong><\/a><\/h2>\n\n\n\n<figure class=\"wp-block-image size-large\"><img decoding=\"async\" loading=\"lazy\" width=\"1100\" height=\"755\" src=\"https:\/\/www.mybeardie.at\/wp-content\/uploads\/2025\/09\/130925-Unbenannt-1100x755.png\" alt=\"\" class=\"wp-image-2975\" srcset=\"https:\/\/www.mybeardie.at\/wp-content\/uploads\/2025\/09\/130925-Unbenannt-1100x755.png 1100w, https:\/\/www.mybeardie.at\/wp-content\/uploads\/2025\/09\/130925-Unbenannt-350x240.png 350w, https:\/\/www.mybeardie.at\/wp-content\/uploads\/2025\/09\/130925-Unbenannt-768x527.png 768w, https:\/\/www.mybeardie.at\/wp-content\/uploads\/2025\/09\/130925-Unbenannt.png 1210w\" sizes=\"(max-width: 1100px) 100vw, 1100px\" \/><\/figure>\n\n\n\n<figure class=\"wp-block-image size-large\"><a href=\"https:\/\/www.mybeardie.at\/?page_id=193\"><img decoding=\"async\" loading=\"lazy\" width=\"1024\" height=\"768\" src=\"https:\/\/www.mybeardie.at\/wp-content\/uploads\/2022\/09\/IMG_20220914_091106_edit_319379673863763_resized_20220914_091320779-1024x768.jpg\" alt=\"\" class=\"wp-image-380\" srcset=\"https:\/\/www.mybeardie.at\/wp-content\/uploads\/2022\/09\/IMG_20220914_091106_edit_319379673863763_resized_20220914_091320779-1024x768.jpg 1024w, https:\/\/www.mybeardie.at\/wp-content\/uploads\/2022\/09\/IMG_20220914_091106_edit_319379673863763_resized_20220914_091320779-300x225.jpg 300w, https:\/\/www.mybeardie.at\/wp-content\/uploads\/2022\/09\/IMG_20220914_091106_edit_319379673863763_resized_20220914_091320779-768x576.jpg 768w, https:\/\/www.mybeardie.at\/wp-content\/uploads\/2022\/09\/IMG_20220914_091106_edit_319379673863763_resized_20220914_091320779-1536x1152.jpg 1536w, https:\/\/www.mybeardie.at\/wp-content\/uploads\/2022\/09\/IMG_20220914_091106_edit_319379673863763_resized_20220914_091320779.jpg 1824w\" sizes=\"(max-width: 1024px) 100vw, 1024px\" \/><\/a><\/figure>\n\n\n\n<h2 class=\"wp-block-heading has-text-align-center has-medium-font-size\"><strong><mark style=\"background-color:rgba(0, 0, 0, 0);color:#f60606\" class=\"has-inline-color\">E-Wurf geb. am 04. 05. 2021<\/mark><\/strong><br><strong>V: CH. Bowhills Black Lord Brandon &#8220;Bobby&#8221;<br>M: Multi-CH. Silesian Diamonds Naomi Blue Star<\/strong><\/h2>\n\n\n\n<figure class=\"wp-block-image size-full\"><img decoding=\"async\" loading=\"lazy\" width=\"960\" height=\"960\" src=\"https:\/\/www.mybeardie.at\/wp-content\/uploads\/2024\/05\/040524-bonny-4.jpg-HP.jpg\" alt=\"\" class=\"wp-image-1808\" srcset=\"https:\/\/www.mybeardie.at\/wp-content\/uploads\/2024\/05\/040524-bonny-4.jpg-HP.jpg 960w, https:\/\/www.mybeardie.at\/wp-content\/uploads\/2024\/05\/040524-bonny-4.jpg-HP-350x350.jpg 350w, https:\/\/www.mybeardie.at\/wp-content\/uploads\/2024\/05\/040524-bonny-4.jpg-HP-200x200.jpg 200w, https:\/\/www.mybeardie.at\/wp-content\/uploads\/2024\/05\/040524-bonny-4.jpg-HP-768x768.jpg 768w\" sizes=\"(max-width: 960px) 100vw, 960px\" \/><\/figure>\n\n\n\n<figure class=\"wp-block-image size-full\"><img decoding=\"async\" loading=\"lazy\" width=\"887\" height=\"853\" src=\"https:\/\/www.mybeardie.at\/wp-content\/uploads\/2022\/08\/2-IMG_20210508_104054_resized_20210508_104301722.jpg-klein.jpg\" alt=\"\" class=\"wp-image-222\" srcset=\"https:\/\/www.mybeardie.at\/wp-content\/uploads\/2022\/08\/2-IMG_20210508_104054_resized_20210508_104301722.jpg-klein.jpg 887w, https:\/\/www.mybeardie.at\/wp-content\/uploads\/2022\/08\/2-IMG_20210508_104054_resized_20210508_104301722.jpg-klein-300x289.jpg 300w, https:\/\/www.mybeardie.at\/wp-content\/uploads\/2022\/08\/2-IMG_20210508_104054_resized_20210508_104301722.jpg-klein-768x739.jpg 768w\" sizes=\"(max-width: 887px) 100vw, 887px\" \/><\/figure>\n\n\n\n<h2 class=\"wp-block-heading has-text-align-center has-medium-font-size\" style=\"font-style:italic;font-weight:500\"><strong><mark style=\"background-color:rgba(0, 0, 0, 0);color:#f40404\" class=\"has-inline-color\">D-Wurf geb. am 04.09.2018<\/mark><br>V: Multi-CH. Silesians Diamond Moris Prime &#8220;Harris&#8221;<br>M: Multi-CH. Escada of Breezy Beardies &#8220;Nike&#8221;<\/strong> <\/h2>\n\n\n\n<h2 class=\"wp-block-heading has-text-align-center has-large-font-size\"><strong>Alles Gute meinem D-Wurf zum 7. Purzeltag<\/strong><\/h2>\n\n\n\n<figure class=\"wp-block-image size-large\"><img decoding=\"async\" loading=\"lazy\" width=\"1100\" height=\"579\" src=\"https:\/\/www.mybeardie.at\/wp-content\/uploads\/2025\/09\/040925-geburtstag-7.JPG-drei-1100x579.jpg\" alt=\"\" class=\"wp-image-2951\" srcset=\"https:\/\/www.mybeardie.at\/wp-content\/uploads\/2025\/09\/040925-geburtstag-7.JPG-drei-1100x579.jpg 1100w, https:\/\/www.mybeardie.at\/wp-content\/uploads\/2025\/09\/040925-geburtstag-7.JPG-drei-350x184.jpg 350w, https:\/\/www.mybeardie.at\/wp-content\/uploads\/2025\/09\/040925-geburtstag-7.JPG-drei-768x404.jpg 768w, https:\/\/www.mybeardie.at\/wp-content\/uploads\/2025\/09\/040925-geburtstag-7.JPG-drei.jpg 1133w\" sizes=\"(max-width: 1100px) 100vw, 1100px\" \/><\/figure>\n\n\n\n<figure class=\"wp-block-image aligncenter size-large is-resized\"><img decoding=\"async\" loading=\"lazy\" width=\"1024\" height=\"625\" src=\"https:\/\/www.mybeardie.at\/wp-content\/uploads\/2022\/08\/120918dwurfbowhills-1024x625.jpg\" alt=\"\" class=\"wp-image-231\" srcset=\"https:\/\/www.mybeardie.at\/wp-content\/uploads\/2022\/08\/120918dwurfbowhills-1024x625.jpg 1024w, https:\/\/www.mybeardie.at\/wp-content\/uploads\/2022\/08\/120918dwurfbowhills-300x183.jpg 300w, https:\/\/www.mybeardie.at\/wp-content\/uploads\/2022\/08\/120918dwurfbowhills-768x468.jpg 768w, https:\/\/www.mybeardie.at\/wp-content\/uploads\/2022\/08\/120918dwurfbowhills.jpg 1333w\" sizes=\"(max-width: 1024px) 100vw, 1024px\" \/><\/figure>\n\n\n\n<h2 class=\"wp-block-heading has-text-align-center has-medium-font-size\"><strong><mark style=\"background-color:rgba(0, 0, 0, 0);color:#f40505\" class=\"has-inline-color\">C-Wurf geb. am 20.04.2016<\/mark><\/strong><br><strong>V: <em> <\/em>CH. King of Scotland Smartness &#8220;Gordon&#8221;<br>M: Multi-CH. Escada of Breezy Beardies &#8220;Nike&#8221;<\/strong><\/h2>\n\n\n\n<figure class=\"wp-block-image size-full is-resized\"><img decoding=\"async\" loading=\"lazy\" width=\"601\" height=\"447\" src=\"https:\/\/www.mybeardie.at\/wp-content\/uploads\/2022\/08\/175533821_10218247046903886_8106216002536324308_n.jpg\" alt=\"\" class=\"wp-image-223\" srcset=\"https:\/\/www.mybeardie.at\/wp-content\/uploads\/2022\/08\/175533821_10218247046903886_8106216002536324308_n.jpg 601w, https:\/\/www.mybeardie.at\/wp-content\/uploads\/2022\/08\/175533821_10218247046903886_8106216002536324308_n-300x223.jpg 300w\" sizes=\"(max-width: 601px) 100vw, 601px\" \/><\/figure>\n\n\n\n<h1 class=\"wp-block-heading has-text-align-center has-medium-font-size\" style=\"font-style:italic;font-weight:600\"><strong><mark style=\"background-color:rgba(0, 0, 0, 0);color:#f60505\" class=\"has-inline-color\">B-Wurf geb. am 10.01.2015<\/mark><br>V: Multi-CH. Sammy Lee Black von der Augustinerh\u00f6he<br>M: Multi-CH. Escada of Breezy Beardies &#8220;Nike&#8221;<\/strong><\/h1>\n\n\n\n<figure class=\"wp-block-image aligncenter size-large is-resized\"><img decoding=\"async\" loading=\"lazy\" width=\"1100\" height=\"800\" src=\"https:\/\/www.mybeardie.at\/wp-content\/uploads\/2026\/01\/10012026-elfter-geburtstag-1100x800.jpg\" alt=\"\" class=\"wp-image-3165\" srcset=\"https:\/\/www.mybeardie.at\/wp-content\/uploads\/2026\/01\/10012026-elfter-geburtstag-1100x800.jpg 1100w, https:\/\/www.mybeardie.at\/wp-content\/uploads\/2026\/01\/10012026-elfter-geburtstag-350x254.jpg 350w, https:\/\/www.mybeardie.at\/wp-content\/uploads\/2026\/01\/10012026-elfter-geburtstag-768x558.jpg 768w, https:\/\/www.mybeardie.at\/wp-content\/uploads\/2026\/01\/10012026-elfter-geburtstag.jpg 1176w\" sizes=\"(max-width: 1100px) 100vw, 1100px\" \/><\/figure>\n\n\n\n<h2 class=\"wp-block-heading has-text-align-center has-medium-font-size\"><strong>Alles Gute meinen A-B\u00e4rchen zum 14. Geburtstag<\/strong><br><mark style=\"background-color:rgba(0, 0, 0, 0);color:#f40606\" class=\"has-inline-color\"><strong>A-Wurf geb. am 12.08.2010<\/strong><br><\/mark><strong>V: Multi-CH. Sammy Lee Black von der Augustinerh\u00f6he<\/strong><br><strong>M: Multi-CH. Bonny and Clyde&#8217;s de Cacharel &#8220;Jamie&#8221;<\/strong><\/h2>\n\n\n\n<figure class=\"wp-block-image aligncenter size-full\"><img decoding=\"async\" loading=\"lazy\" width=\"540\" height=\"536\" src=\"https:\/\/www.mybeardie.at\/wp-content\/uploads\/2024\/08\/14geburtstag.jpg\" alt=\"\" class=\"wp-image-2107\" srcset=\"https:\/\/www.mybeardie.at\/wp-content\/uploads\/2024\/08\/14geburtstag.jpg 540w, https:\/\/www.mybeardie.at\/wp-content\/uploads\/2024\/08\/14geburtstag-350x347.jpg 350w, https:\/\/www.mybeardie.at\/wp-content\/uploads\/2024\/08\/14geburtstag-200x200.jpg 200w\" sizes=\"(max-width: 540px) 100vw, 540px\" \/><\/figure>\n\n\n\n<figure class=\"wp-block-image aligncenter size-full is-resized\"><img decoding=\"async\" loading=\"lazy\" width=\"420\" height=\"279\" src=\"https:\/\/www.mybeardie.at\/wp-content\/uploads\/2022\/08\/viertage1.jpg\" alt=\"\" class=\"wp-image-176\" srcset=\"https:\/\/www.mybeardie.at\/wp-content\/uploads\/2022\/08\/viertage1.jpg 420w, https:\/\/www.mybeardie.at\/wp-content\/uploads\/2022\/08\/viertage1-300x199.jpg 300w\" sizes=\"(max-width: 420px) 100vw, 420px\" \/><\/figure>\n\n\n\n<h2 class=\"wp-block-heading has-small-font-size\"><br><a href=\"https:\/\/www.mybeardie.at\/\" data-type=\"link\" data-id=\"https:\/\/www.mybeardie.at\/\"><strong>Zur\u00fcck zur Startseite<\/strong><\/a><\/h2>\n","protected":false},"excerpt":{"rendered":"<p>W\u00fcrfe\/Wurfplanung \u00d6KV G\u00fctesiegel &#8211; Vorbildliche Zuchtst\u00e4tte \u00d6KV J-Wurf voraussichtlich im Fr\u00fchjahr\/Fr\u00fchsommer 2027 I-Wurf geboren am 23. Dezember 2025V: Multi-CH. Societas Barbatum BalthazarM: Multi-CH. Bonny and Clyde&#8217;s Infinite Love of Bowhills aka Finy2 R\u00fcden schwarz-wei\u00df H-Wurf geb. am 08. September 2024V: Multi-CH. Baldlow Jubilee Diamond aka DenisM: Silesian Diamonds Naomi Blue Stars3 R\u00fcden 2 H\u00fcndinnen, alle [&hellip;]<\/p>\n","protected":false},"author":1,"featured_media":12,"parent":0,"menu_order":0,"comment_status":"closed","ping_status":"open","template":"","meta":{"footnotes":""},"_links":{"self":[{"href":"https:\/\/www.mybeardie.at\/index.php?rest_route=\/wp\/v2\/pages\/2"}],"collection":[{"href":"https:\/\/www.mybeardie.at\/index.php?rest_route=\/wp\/v2\/pages"}],"about":[{"href":"https:\/\/www.mybeardie.at\/index.php?rest_route=\/wp\/v2\/types\/page"}],"author":[{"embeddable":true,"href":"https:\/\/www.mybeardie.at\/index.php?rest_route=\/wp\/v2\/users\/1"}],"replies":[{"embeddable":true,"href":"https:\/\/www.mybeardie.at\/index.php?rest_route=%2Fwp%2Fv2%2Fcomments&post=2"}],"version-history":[{"count":116,"href":"https:\/\/www.mybeardie.at\/index.php?rest_route=\/wp\/v2\/pages\/2\/revisions"}],"predecessor-version":[{"id":3303,"href":"https:\/\/www.mybeardie.at\/index.php?rest_route=\/wp\/v2\/pages\/2\/revisions\/3303"}],"wp:featuredmedia":[{"embeddable":true,"href":"https:\/\/www.mybeardie.at\/index.php?rest_route=\/wp\/v2\/media\/12"}],"wp:attachment":[{"href":"https:\/\/www.mybeardie.at\/index.php?rest_route=%2Fwp%2Fv2%2Fmedia&parent=2"}],"curies":[{"name":"wp","href":"https:\/\/api.w.org\/{rel}","templated":true}]}}