{"id":2631,"date":"2025-03-01T17:05:04","date_gmt":"2025-03-01T16:05:04","guid":{"rendered":"https:\/\/www.mybeardie.at\/?page_id=2631"},"modified":"2026-02-09T17:38:31","modified_gmt":"2026-02-09T16:38:31","slug":"bowhills-champions","status":"publish","type":"page","link":"https:\/\/www.mybeardie.at\/?page_id=2631","title":{"rendered":"Bowhills Champions"},"content":{"rendered":"\n<h2 class=\"wp-block-heading has-text-align-center\"><strong>Bowhills Champions<\/strong><\/h2>\n\n\n\n<h2 class=\"wp-block-heading has-text-align-center has-medium-font-size\"><strong><mark style=\"background-color:rgba(0, 0, 0, 0);color:#f60606\" class=\"has-inline-color\">Bowhills Gloria Silesian Diamonds<\/mark><br>d.o.b. 17.07.2023<\/strong><br><sub><strong>(Multi-CH.Silesian Diamonds Moris Prime &amp; Multi-CH.Bonny and Clyde&#8217;s Infinite Love of Bowhills)<\/strong><\/sub><br><strong><mark style=\"background-color:rgba(0, 0, 0, 0);color:#f60606\" class=\"has-inline-color\">NEW CHAMPION VON UNGARN<\/mark><\/strong><br><strong>Champion von \u00d6sterreich und Polen<br>Jugendchampion von \u00d6sterreich und Polen<\/strong><\/h2>\n\n\n\n<figure class=\"wp-block-image size-large\"><img decoding=\"async\" loading=\"lazy\" width=\"1100\" height=\"856\" src=\"https:\/\/www.mybeardie.at\/wp-content\/uploads\/2026\/02\/1a-horizontal-1100x856.jpg\" alt=\"\" class=\"wp-image-3229\" srcset=\"https:\/\/www.mybeardie.at\/wp-content\/uploads\/2026\/02\/1a-horizontal-1100x856.jpg 1100w, https:\/\/www.mybeardie.at\/wp-content\/uploads\/2026\/02\/1a-horizontal-350x272.jpg 350w, https:\/\/www.mybeardie.at\/wp-content\/uploads\/2026\/02\/1a-horizontal-768x597.jpg 768w, https:\/\/www.mybeardie.at\/wp-content\/uploads\/2026\/02\/1a-horizontal.jpg 1440w\" sizes=\"(max-width: 1100px) 100vw, 1100px\" \/><\/figure>\n\n\n\n<h2 class=\"wp-block-heading has-text-align-center has-medium-font-size\"><strong><mark style=\"background-color:rgba(0, 0, 0, 0);color:#f60606\" class=\"has-inline-color\">Bowhills Highclass Diamond Hollywood<\/mark><\/strong><br><strong>d.o.b. 08.09.2024<\/strong><br><sup><strong>(Multi-CH.Baldslow Jubilee Diamond &amp; Multi-CH. Silesian<\/strong> <strong>Diamonds Naomi Blue Star)<\/strong><\/sup><br><strong><mark style=\"background-color:rgba(0, 0, 0, 0);color:#f60606\" class=\"has-inline-color\">06.02.026 HD A\/A, ED 0\/0, OCD und LVW frei<\/mark><\/strong><br><strong><mark style=\"background-color:rgba(0, 0, 0, 0);color:#f60606\" class=\"has-inline-color\">Slowenischer Jugend-Champion<\/mark><\/strong><br><mark style=\"background-color:rgba(0, 0, 0, 0);color:#f60606\" class=\"has-inline-color\"><strong>Ungarischer Jugend-Champion<\/strong><\/mark><br><mark style=\"background-color:rgba(0, 0, 0, 0);color:#f60606\" class=\"has-inline-color\"><strong>\u00d6sterreichischer Jugendchampion<\/strong><\/mark><br><mark style=\"background-color:rgba(0, 0, 0, 0);color:#f60606\" class=\"has-inline-color\"><strong>Internationalen Jugend-Champion<\/strong><\/mark><br><strong><mark style=\"background-color:rgba(0, 0, 0, 0);color:#f60606\" class=\"has-inline-color\">NEU: Kroatischer Jugendchampion<\/mark><\/strong><\/h2>\n\n\n\n<figure class=\"wp-block-image size-full\"><img decoding=\"async\" loading=\"lazy\" width=\"893\" height=\"893\" src=\"https:\/\/www.mybeardie.at\/wp-content\/uploads\/2025\/12\/5-holly-3.jpg-HP.jpg\" alt=\"\" class=\"wp-image-3095\" srcset=\"https:\/\/www.mybeardie.at\/wp-content\/uploads\/2025\/12\/5-holly-3.jpg-HP.jpg 893w, https:\/\/www.mybeardie.at\/wp-content\/uploads\/2025\/12\/5-holly-3.jpg-HP-350x350.jpg 350w, https:\/\/www.mybeardie.at\/wp-content\/uploads\/2025\/12\/5-holly-3.jpg-HP-200x200.jpg 200w, https:\/\/www.mybeardie.at\/wp-content\/uploads\/2025\/12\/5-holly-3.jpg-HP-768x768.jpg 768w\" sizes=\"(max-width: 893px) 100vw, 893px\" \/><\/figure>\n\n\n\n<h2 class=\"wp-block-heading has-text-align-center has-medium-font-size\"><strong><mark style=\"background-color:rgba(0, 0, 0, 0);color:#f60606\" class=\"has-inline-color\">Bowhills Fun Factory Forever aka Eleni<\/mark><\/strong><br>d.o.b. 13.09.2022<br><strong>Champion von \u00d6sterreich, Slowenien und C.I.B.<br>Jugendchampion von<mark style=\"background-color:rgba(0, 0, 0, 0)\" class=\"has-inline-color has-foreground-color\"> \u00d6sterreich<\/mark><\/strong><br><strong><mark style=\"background-color:rgba(0, 0, 0, 0);color:#f60606\" class=\"has-inline-color\">und NEU \u00d6CBH-Clubchampion und<br>BESTER BEARDED COLLIE AUS \u00d6STERR. ZUCHT 2025<\/mark><\/strong><\/h2>\n\n\n\n<figure class=\"wp-block-image size-large\"><img decoding=\"async\" loading=\"lazy\" width=\"1100\" height=\"1014\" src=\"https:\/\/www.mybeardie.at\/wp-content\/uploads\/2025\/10\/Unbenannt-2-1100x1014.png\" alt=\"\" class=\"wp-image-3033\" srcset=\"https:\/\/www.mybeardie.at\/wp-content\/uploads\/2025\/10\/Unbenannt-2-1100x1014.png 1100w, https:\/\/www.mybeardie.at\/wp-content\/uploads\/2025\/10\/Unbenannt-2-350x323.png 350w, https:\/\/www.mybeardie.at\/wp-content\/uploads\/2025\/10\/Unbenannt-2-768x708.png 768w, https:\/\/www.mybeardie.at\/wp-content\/uploads\/2025\/10\/Unbenannt-2-1536x1416.png 1536w, https:\/\/www.mybeardie.at\/wp-content\/uploads\/2025\/10\/Unbenannt-2.png 1632w\" sizes=\"(max-width: 1100px) 100vw, 1100px\" \/><\/figure>\n\n\n\n<h2 class=\"wp-block-heading has-text-align-center has-medium-font-size\"><mark style=\"background-color:rgba(0, 0, 0, 0);color:#f60606\" class=\"has-inline-color\"><strong>Bowhills Golden Boy Gizmo<\/strong><\/mark><br>d.o.b. 17.07.2023<br><sub>(Multi-CH.Silesian Diamonds Moris Prime &#8220;Harris&#8221; &amp; Multi-CH.Bonny and Clyde&#8217;s Infinite Love of Bowhills &#8220;Finy&#8221;)<\/sub><br><strong><mark style=\"background-color:rgba(0, 0, 0, 0);color:#f60606\" class=\"has-inline-color\">CHAMPION VON \u00d6STERREICH !!!<\/mark><\/strong><br><strong><mark style=\"background-color:rgba(0, 0, 0, 0);color:#f60606\" class=\"has-inline-color\">JU-Champion von \u00d6sterreich, INTERNATIONAL<\/mark><\/strong><\/h2>\n\n\n\n<figure class=\"wp-block-image size-full\"><img decoding=\"async\" loading=\"lazy\" width=\"875\" height=\"1057\" src=\"https:\/\/www.mybeardie.at\/wp-content\/uploads\/2025\/10\/gizmo-2.jpg\" alt=\"\" class=\"wp-image-3005\" srcset=\"https:\/\/www.mybeardie.at\/wp-content\/uploads\/2025\/10\/gizmo-2.jpg 875w, https:\/\/www.mybeardie.at\/wp-content\/uploads\/2025\/10\/gizmo-2-290x350.jpg 290w, https:\/\/www.mybeardie.at\/wp-content\/uploads\/2025\/10\/gizmo-2-768x928.jpg 768w\" sizes=\"(max-width: 875px) 100vw, 875px\" \/><\/figure>\n\n\n\n<h2 class=\"wp-block-heading has-text-align-center has-medium-font-size\"><strong><mark style=\"background-color:rgba(0, 0, 0, 0);color:#f60606\" class=\"has-inline-color\">Bowhills Highclass Diamond Hellboy<\/mark><br>d.o.b. 08.09.2024<br><sup>(Multi-CH.Baldslow Jubilee Diamond &amp; Multi-CH.Silesian Diamonds Naomi Blue Star)<\/sup><\/strong><br><strong><mark style=\"background-color:rgba(0, 0, 0, 0);color:#f60606\" class=\"has-inline-color\">\u00d6sterreichischer Jugendchampion<\/mark><\/strong><\/h2>\n\n\n\n<div class=\"wp-block-columns is-layout-flex wp-container-3 wp-block-columns-is-layout-flex\">\n<div class=\"wp-block-column is-layout-flow wp-block-column-is-layout-flow\">\n<figure class=\"wp-block-image size-large\"><img decoding=\"async\" loading=\"lazy\" width=\"772\" height=\"1100\" src=\"https:\/\/www.mybeardie.at\/wp-content\/uploads\/2025\/10\/1-test-2.jpg-neu-772x1100.jpg\" alt=\"\" class=\"wp-image-3013\" srcset=\"https:\/\/www.mybeardie.at\/wp-content\/uploads\/2025\/10\/1-test-2.jpg-neu-772x1100.jpg 772w, https:\/\/www.mybeardie.at\/wp-content\/uploads\/2025\/10\/1-test-2.jpg-neu-246x350.jpg 246w, https:\/\/www.mybeardie.at\/wp-content\/uploads\/2025\/10\/1-test-2.jpg-neu-768x1094.jpg 768w, https:\/\/www.mybeardie.at\/wp-content\/uploads\/2025\/10\/1-test-2.jpg-neu-1079x1536.jpg 1079w, https:\/\/www.mybeardie.at\/wp-content\/uploads\/2025\/10\/1-test-2.jpg-neu.jpg 1080w\" sizes=\"(max-width: 772px) 100vw, 772px\" \/><\/figure>\n<\/div>\n\n\n\n<div class=\"wp-block-column is-layout-flow wp-block-column-is-layout-flow\">\n<figure class=\"wp-block-image size-large\"><img decoding=\"async\" loading=\"lazy\" width=\"772\" height=\"1100\" src=\"https:\/\/www.mybeardie.at\/wp-content\/uploads\/2025\/08\/536631887_24550740581226973_3091242120445532513_n-772x1100.jpg\" alt=\"\" class=\"wp-image-2937\" srcset=\"https:\/\/www.mybeardie.at\/wp-content\/uploads\/2025\/08\/536631887_24550740581226973_3091242120445532513_n-772x1100.jpg 772w, https:\/\/www.mybeardie.at\/wp-content\/uploads\/2025\/08\/536631887_24550740581226973_3091242120445532513_n-246x350.jpg 246w, https:\/\/www.mybeardie.at\/wp-content\/uploads\/2025\/08\/536631887_24550740581226973_3091242120445532513_n-768x1094.jpg 768w, https:\/\/www.mybeardie.at\/wp-content\/uploads\/2025\/08\/536631887_24550740581226973_3091242120445532513_n-1079x1536.jpg 1079w, https:\/\/www.mybeardie.at\/wp-content\/uploads\/2025\/08\/536631887_24550740581226973_3091242120445532513_n.jpg 1080w\" sizes=\"(max-width: 772px) 100vw, 772px\" \/><\/figure>\n<\/div>\n<\/div>\n\n\n\n<figure class=\"wp-block-image aligncenter size-full\"><img decoding=\"async\" loading=\"lazy\" width=\"526\" height=\"655\" src=\"https:\/\/www.mybeardie.at\/wp-content\/uploads\/2025\/07\/klagenfurt-hellboy.jpg\" alt=\"\" class=\"wp-image-2878\" srcset=\"https:\/\/www.mybeardie.at\/wp-content\/uploads\/2025\/07\/klagenfurt-hellboy.jpg 526w, https:\/\/www.mybeardie.at\/wp-content\/uploads\/2025\/07\/klagenfurt-hellboy-281x350.jpg 281w\" sizes=\"(max-width: 526px) 100vw, 526px\" \/><\/figure>\n\n\n\n<h2 class=\"wp-block-heading has-text-align-center has-medium-font-size\"><strong><mark style=\"background-color:rgba(0, 0, 0, 0);color:#f60606\" class=\"has-inline-color\">Bowhills Highclass Diamond Hollywood<\/mark><\/strong><br><strong>d.o.b. 08.09.2024<\/strong><br><sup><strong>(Multi-CH.Baldslow Jubilee Diamond &amp; Multi-CH. Silesian<\/strong> <strong>Diamonds Naomi Blue Star)<\/strong><\/sup><br><strong><mark style=\"background-color:rgba(0, 0, 0, 0);color:#f60606\" class=\"has-inline-color\">Slowenischer Jugend-Champion<\/mark><\/strong><br><mark style=\"background-color:rgba(0, 0, 0, 0);color:#f60606\" class=\"has-inline-color\"><strong>Ungarischer Jugend-Champion<\/strong><\/mark><br><mark style=\"background-color:rgba(0, 0, 0, 0);color:#f60606\" class=\"has-inline-color\"><strong>NEU: \u00d6sterr. Jugendchampion<\/strong><\/mark><br><mark style=\"background-color:rgba(0, 0, 0, 0);color:#f60606\" class=\"has-inline-color\"><strong>Bedingungen f\u00fcr den internationalen Jugend-Champion<\/strong><\/mark><\/h2>\n\n\n\n<div class=\"wp-block-columns is-layout-flex wp-container-6 wp-block-columns-is-layout-flex\">\n<div class=\"wp-block-column is-layout-flow wp-block-column-is-layout-flow\">\n<figure class=\"wp-block-image size-large\"><img decoding=\"async\" loading=\"lazy\" width=\"787\" height=\"1100\" src=\"https:\/\/www.mybeardie.at\/wp-content\/uploads\/2025\/08\/holly-2-787x1100.jpeg\" alt=\"\" class=\"wp-image-2934\" srcset=\"https:\/\/www.mybeardie.at\/wp-content\/uploads\/2025\/08\/holly-2-787x1100.jpeg 787w, https:\/\/www.mybeardie.at\/wp-content\/uploads\/2025\/08\/holly-2-250x350.jpeg 250w, https:\/\/www.mybeardie.at\/wp-content\/uploads\/2025\/08\/holly-2-768x1074.jpeg 768w, https:\/\/www.mybeardie.at\/wp-content\/uploads\/2025\/08\/holly-2.jpeg 1090w\" sizes=\"(max-width: 787px) 100vw, 787px\" \/><\/figure>\n<\/div>\n\n\n\n<div class=\"wp-block-column is-layout-flow wp-block-column-is-layout-flow\">\n<figure class=\"wp-block-image size-large\"><img decoding=\"async\" loading=\"lazy\" width=\"787\" height=\"1100\" src=\"https:\/\/www.mybeardie.at\/wp-content\/uploads\/2025\/08\/holly-1-787x1100.jpeg\" alt=\"\" class=\"wp-image-2935\" srcset=\"https:\/\/www.mybeardie.at\/wp-content\/uploads\/2025\/08\/holly-1-787x1100.jpeg 787w, https:\/\/www.mybeardie.at\/wp-content\/uploads\/2025\/08\/holly-1-250x350.jpeg 250w, https:\/\/www.mybeardie.at\/wp-content\/uploads\/2025\/08\/holly-1-768x1074.jpeg 768w, https:\/\/www.mybeardie.at\/wp-content\/uploads\/2025\/08\/holly-1.jpeg 1090w\" sizes=\"(max-width: 787px) 100vw, 787px\" \/><\/figure>\n<\/div>\n<\/div>\n\n\n\n<figure class=\"wp-block-image aligncenter size-full\"><img decoding=\"async\" loading=\"lazy\" width=\"526\" height=\"655\" src=\"https:\/\/www.mybeardie.at\/wp-content\/uploads\/2025\/07\/klagenfurt-holly.jpg\" alt=\"\" class=\"wp-image-2879\" srcset=\"https:\/\/www.mybeardie.at\/wp-content\/uploads\/2025\/07\/klagenfurt-holly.jpg 526w, https:\/\/www.mybeardie.at\/wp-content\/uploads\/2025\/07\/klagenfurt-holly-281x350.jpg 281w\" sizes=\"(max-width: 526px) 100vw, 526px\" \/><\/figure>\n\n\n\n<h2 class=\"wp-block-heading has-text-align-center has-medium-font-size\"><strong><mark style=\"background-color:rgba(0, 0, 0, 0);color:#f60606\" class=\"has-inline-color\">Bowhills First Love Forever aka Millie<\/mark><br>d.o.b. 13.09.2022<br><sub>(CH.Darcy Black Wilwarin &amp; Multi-CH.Silesian Diamonds Naomi Blue Star)<\/sub><\/strong><br><strong><mark style=\"background-color:rgba(0, 0, 0, 0)\" class=\"has-inline-color has-foreground-color\">JU-CH von PL, SRB, LV, Est, LTU, Baltikum und INTERNATIONAL<br>Champion von Lettland, Estland, Ungarn und INTERNATIONAL<\/mark><\/strong><br><strong>Champion von Litauen und Baltikum<\/strong><br><strong><mark style=\"background-color:rgba(0, 0, 0, 0);color:#f60606\" class=\"has-inline-color\">BRANDNEUER CHAMPION VON SLOWENIEN !!!<\/mark><\/strong><\/h2>\n\n\n\n<figure class=\"wp-block-image size-full\"><img decoding=\"async\" loading=\"lazy\" width=\"1079\" height=\"888\" src=\"https:\/\/www.mybeardie.at\/wp-content\/uploads\/2025\/08\/528311189_24491000040536752_737527031143245730_n.jpg-klein.jpg\" alt=\"\" class=\"wp-image-2906\" srcset=\"https:\/\/www.mybeardie.at\/wp-content\/uploads\/2025\/08\/528311189_24491000040536752_737527031143245730_n.jpg-klein.jpg 1079w, https:\/\/www.mybeardie.at\/wp-content\/uploads\/2025\/08\/528311189_24491000040536752_737527031143245730_n.jpg-klein-350x288.jpg 350w, https:\/\/www.mybeardie.at\/wp-content\/uploads\/2025\/08\/528311189_24491000040536752_737527031143245730_n.jpg-klein-768x632.jpg 768w\" sizes=\"(max-width: 1079px) 100vw, 1079px\" \/><\/figure>\n\n\n\n<h2 class=\"wp-block-heading has-text-align-center has-medium-font-size\"><strong><mark style=\"background-color:rgba(0, 0, 0, 0);color:#f60606\" class=\"has-inline-color\">Bowhills Fun Factory Forever aka Eleni<\/mark><\/strong><br>d.o.b. 13.09.2022<br><strong>Eleni ist nun Champion von \u00d6sterreich, Slowenien und C.I.B.<br>Jugendchampion von<mark style=\"background-color:rgba(0, 0, 0, 0)\" class=\"has-inline-color has-foreground-color\"> \u00d6sterreich<\/mark><\/strong><\/h2>\n\n\n\n<figure class=\"wp-block-image size-full\"><img decoding=\"async\" loading=\"lazy\" width=\"1009\" height=\"899\" src=\"https:\/\/www.mybeardie.at\/wp-content\/uploads\/2025\/04\/1-A-KLEIN.jpg\" alt=\"\" class=\"wp-image-2722\" srcset=\"https:\/\/www.mybeardie.at\/wp-content\/uploads\/2025\/04\/1-A-KLEIN.jpg 1009w, https:\/\/www.mybeardie.at\/wp-content\/uploads\/2025\/04\/1-A-KLEIN-350x312.jpg 350w, https:\/\/www.mybeardie.at\/wp-content\/uploads\/2025\/04\/1-A-KLEIN-768x684.jpg 768w\" sizes=\"(max-width: 1009px) 100vw, 1009px\" \/><\/figure>\n\n\n\n<figure class=\"wp-block-image aligncenter size-full\"><img decoding=\"async\" loading=\"lazy\" width=\"600\" height=\"435\" src=\"https:\/\/www.mybeardie.at\/wp-content\/uploads\/2025\/08\/210825-C-I-B.jpg\" alt=\"\" class=\"wp-image-2917\" srcset=\"https:\/\/www.mybeardie.at\/wp-content\/uploads\/2025\/08\/210825-C-I-B.jpg 600w, https:\/\/www.mybeardie.at\/wp-content\/uploads\/2025\/08\/210825-C-I-B-350x254.jpg 350w\" sizes=\"(max-width: 600px) 100vw, 600px\" \/><\/figure>\n\n\n\n<h2 class=\"wp-block-heading has-text-align-center has-medium-font-size\"><strong><mark style=\"background-color:rgba(0, 0, 0, 0);color:#f60606\" class=\"has-inline-color\">Bowhills Gloria Silesian Diamonds<\/mark><\/strong><br><strong>d.o.b. 17.07.2023<br><mark style=\"background-color:rgba(0, 0, 0, 0);color:#f40606\" class=\"has-inline-color\">NEW<\/mark><mark style=\"background-color:rgba(0, 0, 0, 0);color:#f30000\" class=\"has-inline-color\"> CHAMPION VON POLEN<\/mark><br>Gloria ist nun Champion von Polen und \u00d6sterreich<br>Jugendchampion von Polen und \u00d6sterreich<\/strong><\/h2>\n\n\n\n<figure class=\"wp-block-image size-full\"><img decoding=\"async\" loading=\"lazy\" width=\"1000\" height=\"1000\" src=\"https:\/\/www.mybeardie.at\/wp-content\/uploads\/2025\/04\/GLORIA.jpg\" alt=\"\" class=\"wp-image-2733\" srcset=\"https:\/\/www.mybeardie.at\/wp-content\/uploads\/2025\/04\/GLORIA.jpg 1000w, https:\/\/www.mybeardie.at\/wp-content\/uploads\/2025\/04\/GLORIA-350x350.jpg 350w, https:\/\/www.mybeardie.at\/wp-content\/uploads\/2025\/04\/GLORIA-200x200.jpg 200w, https:\/\/www.mybeardie.at\/wp-content\/uploads\/2025\/04\/GLORIA-768x768.jpg 768w\" sizes=\"(max-width: 1000px) 100vw, 1000px\" \/><\/figure>\n\n\n\n<h2 class=\"wp-block-heading has-text-align-center has-medium-font-size\"><mark style=\"background-color:rgba(0, 0, 0, 0);color:#f60606\" class=\"has-inline-color\"><strong>Bowhills Gloria Silesian Diamonds <\/strong><\/mark><br>d.o.b. 17.07.2023<br>Ich hatte die Ehre, Gloria in Premst\u00e4tten bei der IDS zu pr\u00e4sentieren und konnte mit ihr die letzte Anwartschaft f\u00fcr den \u00f6sterreichischen Champion erlaufen <br><mark style=\"background-color:rgba(0, 0, 0, 0);color:#f60606\" class=\"has-inline-color\"><strong>CHAMPION VON \u00d6STERREICH <\/strong><\/mark><\/h2>\n\n\n\n<figure class=\"wp-block-image size-full\"><img decoding=\"async\" loading=\"lazy\" width=\"922\" height=\"877\" src=\"https:\/\/www.mybeardie.at\/wp-content\/uploads\/2025\/03\/gloria-2-1.jpg-klein-1.jpg\" alt=\"\" class=\"wp-image-2681\" srcset=\"https:\/\/www.mybeardie.at\/wp-content\/uploads\/2025\/03\/gloria-2-1.jpg-klein-1.jpg 922w, https:\/\/www.mybeardie.at\/wp-content\/uploads\/2025\/03\/gloria-2-1.jpg-klein-1-350x333.jpg 350w, https:\/\/www.mybeardie.at\/wp-content\/uploads\/2025\/03\/gloria-2-1.jpg-klein-1-768x731.jpg 768w\" sizes=\"(max-width: 922px) 100vw, 922px\" \/><\/figure>\n\n\n\n<h2 class=\"wp-block-heading has-text-align-center has-medium-font-size\"><mark style=\"background-color:rgba(0, 0, 0, 0);color:#f60606\" class=\"has-inline-color\"><strong>Bowhills Gloria Silesian Diamonds<\/strong><\/mark><br>d.o.b. 17.07.2023<br><sub>(Multi-CH.Silesian Diamonds Moris Prime &#8220;Harris&#8221; &amp; Multi-CH.Bonny and Clyde&#8217;s Infinite Love of Bowhills &#8220;Finy&#8221;)<\/sub><br><strong><mark style=\"background-color:rgba(0, 0, 0, 0);color:#f60606\" class=\"has-inline-color\">JU-Champion von \u00d6sterreich und Polen<\/mark><\/strong> <\/h2>\n\n\n\n<figure class=\"wp-block-image size-full\"><img decoding=\"async\" loading=\"lazy\" width=\"850\" height=\"850\" src=\"https:\/\/www.mybeardie.at\/wp-content\/uploads\/2025\/03\/G-WURF-gloria.jpg\" alt=\"\" class=\"wp-image-2639\" srcset=\"https:\/\/www.mybeardie.at\/wp-content\/uploads\/2025\/03\/G-WURF-gloria.jpg 850w, https:\/\/www.mybeardie.at\/wp-content\/uploads\/2025\/03\/G-WURF-gloria-350x350.jpg 350w, https:\/\/www.mybeardie.at\/wp-content\/uploads\/2025\/03\/G-WURF-gloria-200x200.jpg 200w, https:\/\/www.mybeardie.at\/wp-content\/uploads\/2025\/03\/G-WURF-gloria-768x768.jpg 768w\" sizes=\"(max-width: 850px) 100vw, 850px\" \/><\/figure>\n\n\n\n<h2 class=\"wp-block-heading has-text-align-center has-medium-font-size\"><mark style=\"background-color:rgba(0, 0, 0, 0);color:#f60606\" class=\"has-inline-color\"><strong>Bowhills Golden Boy Gizmo<\/strong><\/mark><br>d.o.b. 17.07.2023<br><sub>(Multi-CH.Silesian Diamonds Moris Prime &#8220;Harris&#8221; &amp; Multi-CH.Bonny and Clyde&#8217;s Infinite Love of Bowhills &#8220;Finy&#8221;)<\/sub><br><strong><mark style=\"background-color:rgba(0, 0, 0, 0);color:#f60606\" class=\"has-inline-color\">JU-Champion von \u00d6sterreich, INTERNATIONAL<\/mark><\/strong><\/h2>\n\n\n\n<figure class=\"wp-block-image size-full\"><img decoding=\"async\" loading=\"lazy\" width=\"975\" height=\"975\" src=\"https:\/\/www.mybeardie.at\/wp-content\/uploads\/2025\/03\/G-WURF-gizmo.jpg\" alt=\"\" class=\"wp-image-2638\" srcset=\"https:\/\/www.mybeardie.at\/wp-content\/uploads\/2025\/03\/G-WURF-gizmo.jpg 975w, https:\/\/www.mybeardie.at\/wp-content\/uploads\/2025\/03\/G-WURF-gizmo-350x350.jpg 350w, https:\/\/www.mybeardie.at\/wp-content\/uploads\/2025\/03\/G-WURF-gizmo-200x200.jpg 200w, https:\/\/www.mybeardie.at\/wp-content\/uploads\/2025\/03\/G-WURF-gizmo-768x768.jpg 768w\" sizes=\"(max-width: 975px) 100vw, 975px\" \/><\/figure>\n\n\n\n<h2 class=\"wp-block-heading has-text-align-center has-medium-font-size\"><strong><mark style=\"background-color:rgba(0, 0, 0, 0);color:#f60606\" class=\"has-inline-color\">Bowhills First Love Forever aka Millie<\/mark><br><\/strong>d.o.b. 13.09.2022<br><sub>(CH.Darcy Black Wilwarin &amp; Multi-CH.Silesian Diamonds Naomi Blue Star)<\/sub><br><strong><mark style=\"background-color:rgba(0, 0, 0, 0);color:#f60606\" class=\"has-inline-color\">JU-CH von PL, SRB, LV, Est, LTU, Baltikum und INTERNATIONAL<br>Champion von Lettland, Estland, Ungarn und INTERNATIONAL<\/mark><\/strong><\/h2>\n\n\n\n<figure class=\"wp-block-image size-full\"><img decoding=\"async\" loading=\"lazy\" width=\"800\" height=\"900\" src=\"https:\/\/www.mybeardie.at\/wp-content\/uploads\/2025\/03\/0203-riga.jpg\" alt=\"\" class=\"wp-image-2660\" srcset=\"https:\/\/www.mybeardie.at\/wp-content\/uploads\/2025\/03\/0203-riga.jpg 800w, https:\/\/www.mybeardie.at\/wp-content\/uploads\/2025\/03\/0203-riga-311x350.jpg 311w, https:\/\/www.mybeardie.at\/wp-content\/uploads\/2025\/03\/0203-riga-768x864.jpg 768w\" sizes=\"(max-width: 800px) 100vw, 800px\" \/><\/figure>\n\n\n\n<h2 class=\"wp-block-heading has-text-align-center has-medium-font-size\"><strong><mark style=\"background-color:rgba(0, 0, 0, 0);color:#f60606\" class=\"has-inline-color\">Bowhills Fun Factory Forever aka Eleni<\/mark><br><\/strong>d.o.b. 13.09.2022<br><sub>(CH.Darcy Black Wilwarin &amp; Multi-CH.Silesian Diamonds Naomi Blue Star)<\/sub><br><strong><mark style=\"background-color:rgba(0, 0, 0, 0);color:#f60606\" class=\"has-inline-color\">\u00d6sterr. Champion, \u00d6sterr. Jugendchampion<\/mark><\/strong><\/h2>\n\n\n\n<figure class=\"wp-block-image size-full\"><img decoding=\"async\" loading=\"lazy\" width=\"998\" height=\"846\" src=\"https:\/\/www.mybeardie.at\/wp-content\/uploads\/2025\/03\/F-WURF-eleni.jpg\" alt=\"\" class=\"wp-image-2636\" srcset=\"https:\/\/www.mybeardie.at\/wp-content\/uploads\/2025\/03\/F-WURF-eleni.jpg 998w, https:\/\/www.mybeardie.at\/wp-content\/uploads\/2025\/03\/F-WURF-eleni-350x297.jpg 350w, https:\/\/www.mybeardie.at\/wp-content\/uploads\/2025\/03\/F-WURF-eleni-768x651.jpg 768w\" sizes=\"(max-width: 998px) 100vw, 998px\" \/><\/figure>\n\n\n\n<h2 class=\"wp-block-heading has-text-align-center has-medium-font-size\"><strong><mark style=\"background-color:rgba(0, 0, 0, 0);color:#f60606\" class=\"has-inline-color\">Bowhills Diamonds DolceVita Inblack aka Billy<\/mark><br><\/strong>d.o.b. 04.09.2016<br><sub>(Multi-CH.Silesian Diamonds Moris Prime &#8220;Harris&#8221; &amp; Multi-CH.Escada of Breezy Beardies &#8220;Nike&#8221;)<\/sub><br><strong><mark style=\"background-color:rgba(0, 0, 0, 0);color:#f60606\" class=\"has-inline-color\">\u00d6sterr. Champion<\/mark><\/strong><\/h2>\n\n\n\n<figure class=\"wp-block-image size-full\"><img decoding=\"async\" loading=\"lazy\" width=\"840\" height=\"840\" src=\"https:\/\/www.mybeardie.at\/wp-content\/uploads\/2025\/03\/D-Wurf-billy.jpeg\" alt=\"\" class=\"wp-image-2635\" srcset=\"https:\/\/www.mybeardie.at\/wp-content\/uploads\/2025\/03\/D-Wurf-billy.jpeg 840w, https:\/\/www.mybeardie.at\/wp-content\/uploads\/2025\/03\/D-Wurf-billy-350x350.jpeg 350w, https:\/\/www.mybeardie.at\/wp-content\/uploads\/2025\/03\/D-Wurf-billy-200x200.jpeg 200w, https:\/\/www.mybeardie.at\/wp-content\/uploads\/2025\/03\/D-Wurf-billy-768x768.jpeg 768w\" sizes=\"(max-width: 840px) 100vw, 840px\" \/><\/figure>\n\n\n\n<h2 class=\"wp-block-heading has-text-align-center has-medium-font-size\"><strong><mark style=\"background-color:rgba(0, 0, 0, 0);color:#f60606\" class=\"has-inline-color\">Bowhills Black Lord Brandon aka Bobby<\/mark><br><\/strong>d.o.b. 10.01.2015<strong> <br><\/strong><sub>(Multi-CH. Sammy Lee Black v.d.Augustinerh\u00f6he &amp; Multi-CH. Escada of Breezy Beardies aka Nike)<\/sub><strong><br><mark style=\"background-color:rgba(0, 0, 0, 0);color:#f60606\" class=\"has-inline-color\">\u00d6sterr. Champion<\/mark><\/strong><\/h2>\n\n\n\n<figure class=\"wp-block-image aligncenter size-full is-resized\"><img decoding=\"async\" loading=\"lazy\" width=\"600\" height=\"400\" src=\"https:\/\/www.mybeardie.at\/wp-content\/uploads\/2025\/03\/B-Wurf-bobby.jpg\" alt=\"\" class=\"wp-image-2634\" style=\"aspect-ratio:1.5;width:600px;height:auto\" srcset=\"https:\/\/www.mybeardie.at\/wp-content\/uploads\/2025\/03\/B-Wurf-bobby.jpg 600w, https:\/\/www.mybeardie.at\/wp-content\/uploads\/2025\/03\/B-Wurf-bobby-350x233.jpg 350w\" sizes=\"(max-width: 600px) 100vw, 600px\" \/><\/figure>\n","protected":false},"excerpt":{"rendered":"<p>Bowhills Champions Bowhills Gloria Silesian Diamondsd.o.b. 17.07.2023(Multi-CH.Silesian Diamonds Moris Prime &amp; Multi-CH.Bonny and Clyde&#8217;s Infinite Love of Bowhills)NEW CHAMPION VON UNGARNChampion von \u00d6sterreich und PolenJugendchampion von \u00d6sterreich und Polen Bowhills Highclass Diamond Hollywoodd.o.b. 08.09.2024(Multi-CH.Baldslow Jubilee Diamond &amp; Multi-CH. Silesian Diamonds Naomi Blue Star)06.02.026 HD A\/A, ED 0\/0, OCD und LVW freiSlowenischer Jugend-ChampionUngarischer Jugend-Champion\u00d6sterreichischer JugendchampionInternationalen Jugend-ChampionNEU: [&hellip;]<\/p>\n","protected":false},"author":1,"featured_media":0,"parent":0,"menu_order":0,"comment_status":"closed","ping_status":"closed","template":"","meta":{"footnotes":""},"_links":{"self":[{"href":"https:\/\/www.mybeardie.at\/index.php?rest_route=\/wp\/v2\/pages\/2631"}],"collection":[{"href":"https:\/\/www.mybeardie.at\/index.php?rest_route=\/wp\/v2\/pages"}],"about":[{"href":"https:\/\/www.mybeardie.at\/index.php?rest_route=\/wp\/v2\/types\/page"}],"author":[{"embeddable":true,"href":"https:\/\/www.mybeardie.at\/index.php?rest_route=\/wp\/v2\/users\/1"}],"replies":[{"embeddable":true,"href":"https:\/\/www.mybeardie.at\/index.php?rest_route=%2Fwp%2Fv2%2Fcomments&post=2631"}],"version-history":[{"count":29,"href":"https:\/\/www.mybeardie.at\/index.php?rest_route=\/wp\/v2\/pages\/2631\/revisions"}],"predecessor-version":[{"id":3230,"href":"https:\/\/www.mybeardie.at\/index.php?rest_route=\/wp\/v2\/pages\/2631\/revisions\/3230"}],"wp:attachment":[{"href":"https:\/\/www.mybeardie.at\/index.php?rest_route=%2Fwp%2Fv2%2Fmedia&parent=2631"}],"curies":[{"name":"wp","href":"https:\/\/api.w.org\/{rel}","templated":true}]}}